{"id":3199,"date":"2022-11-27T12:54:18","date_gmt":"2022-11-27T12:54:18","guid":{"rendered":"https:\/\/thelumousstory.fi\/?post_type=product&#038;p=3199"},"modified":"2024-10-10T13:01:52","modified_gmt":"2024-10-10T13:01:52","slug":"feather-earring-kopio-kopio-kopio","status":"publish","type":"product","link":"https:\/\/thelumousstory.fi\/en\/product\/feather-earring-kopio-kopio-kopio\/","title":{"rendered":"Seashells Earring"},"content":{"rendered":"<p>Natural seashellearrings. Light and delicate design. Material stainless steel, hooks surgical steel. Lenght 6 cm, width 2 cm.<\/p>\n","protected":false},"excerpt":{"rendered":"<p>Natural seashellearrings. Light and delicate design. Material stainless steel, hooks surgical steel. Lenght 6 cm, width 2 cm.<\/p>\n","protected":false},"featured_media":3201,"comment_status":"open","ping_status":"closed","template":"","meta":{"_acf_changed":false},"product_brand":[],"product_cat":[45,42],"product_tag":[],"class_list":{"0":"post-3199","1":"product","2":"type-product","3":"status-publish","4":"has-post-thumbnail","6":"product_cat-earrings","7":"product_cat-jewellery","9":"first","10":"instock","11":"taxable","12":"shipping-taxable","13":"purchasable","14":"product-type-simple"},"acf":[],"yoast_head":"\n<title>Seashells Earring - The Lumous Story<\/title>\n<meta name=\"robots\" content=\"index, follow, max-snippet:-1, max-image-preview:large, max-video-preview:-1\" \/>\n<link rel=\"canonical\" href=\"https:\/\/thelumousstory.fi\/en\/product\/feather-earring-kopio-kopio-kopio\/\" \/>\n<meta property=\"og:locale\" content=\"en_US\" \/>\n<meta property=\"og:type\" content=\"article\" \/>\n<meta property=\"og:title\" content=\"Seashells Earring - The Lumous Story\" \/>\n<meta property=\"og:description\" content=\"Natural seashellearrings. Light and delicate design. Material stainless steel, hooks surgical steel. Lenght 6 cm, width 2 cm.\" \/>\n<meta property=\"og:url\" content=\"https:\/\/thelumousstory.fi\/en\/product\/feather-earring-kopio-kopio-kopio\/\" \/>\n<meta property=\"og:site_name\" content=\"The Lumous Story\" \/>\n<meta property=\"article:modified_time\" content=\"2024-10-10T13:01:52+00:00\" \/>\n<meta property=\"og:image\" content=\"https:\/\/thelumousstory.fi\/oackugna\/2022\/11\/C6ECAC5D-4204-4B4E-8274-9207A16DDB0A.jpeg\" \/>\n\t<meta property=\"og:image:width\" content=\"1001\" \/>\n\t<meta property=\"og:image:height\" content=\"1255\" \/>\n\t<meta property=\"og:image:type\" content=\"image\/jpeg\" \/>\n<meta name=\"twitter:card\" content=\"summary_large_image\" \/>\n<meta name=\"twitter:label1\" content=\"Est. reading time\" \/>\n\t<meta name=\"twitter:data1\" content=\"1 minute\" \/>\n<script type=\"application\/ld+json\" class=\"yoast-schema-graph\">{\"@context\":\"https:\\\/\\\/schema.org\",\"@graph\":[{\"@type\":\"WebPage\",\"@id\":\"https:\\\/\\\/thelumousstory.fi\\\/en\\\/product\\\/feather-earring-kopio-kopio-kopio\\\/\",\"url\":\"https:\\\/\\\/thelumousstory.fi\\\/en\\\/product\\\/feather-earring-kopio-kopio-kopio\\\/\",\"name\":\"Seashells Earring - The Lumous Story\",\"isPartOf\":{\"@id\":\"https:\\\/\\\/thelumousstory.fi\\\/en\\\/#website\"},\"primaryImageOfPage\":{\"@id\":\"https:\\\/\\\/thelumousstory.fi\\\/en\\\/product\\\/feather-earring-kopio-kopio-kopio\\\/#primaryimage\"},\"image\":{\"@id\":\"https:\\\/\\\/thelumousstory.fi\\\/en\\\/product\\\/feather-earring-kopio-kopio-kopio\\\/#primaryimage\"},\"thumbnailUrl\":\"https:\\\/\\\/thelumousstory.fi\\\/wp-content\\\/uploads\\\/2022\\\/11\\\/C6ECAC5D-4204-4B4E-8274-9207A16DDB0A.jpeg\",\"datePublished\":\"2022-11-27T12:54:18+00:00\",\"dateModified\":\"2024-10-10T13:01:52+00:00\",\"breadcrumb\":{\"@id\":\"https:\\\/\\\/thelumousstory.fi\\\/en\\\/product\\\/feather-earring-kopio-kopio-kopio\\\/#breadcrumb\"},\"inLanguage\":\"en-US\",\"potentialAction\":[{\"@type\":\"ReadAction\",\"target\":[\"https:\\\/\\\/thelumousstory.fi\\\/en\\\/product\\\/feather-earring-kopio-kopio-kopio\\\/\"]}]},{\"@type\":\"ImageObject\",\"inLanguage\":\"en-US\",\"@id\":\"https:\\\/\\\/thelumousstory.fi\\\/en\\\/product\\\/feather-earring-kopio-kopio-kopio\\\/#primaryimage\",\"url\":\"https:\\\/\\\/thelumousstory.fi\\\/wp-content\\\/uploads\\\/2022\\\/11\\\/C6ECAC5D-4204-4B4E-8274-9207A16DDB0A.jpeg\",\"contentUrl\":\"https:\\\/\\\/thelumousstory.fi\\\/wp-content\\\/uploads\\\/2022\\\/11\\\/C6ECAC5D-4204-4B4E-8274-9207A16DDB0A.jpeg\",\"width\":1001,\"height\":1255},{\"@type\":\"BreadcrumbList\",\"@id\":\"https:\\\/\\\/thelumousstory.fi\\\/en\\\/product\\\/feather-earring-kopio-kopio-kopio\\\/#breadcrumb\",\"itemListElement\":[{\"@type\":\"ListItem\",\"position\":1,\"name\":\"Home\",\"item\":\"https:\\\/\\\/thelumousstory.fi\\\/en\\\/\"},{\"@type\":\"ListItem\",\"position\":2,\"name\":\"Shop\",\"item\":\"https:\\\/\\\/thelumousstory.fi\\\/en\\\/shop\\\/\"},{\"@type\":\"ListItem\",\"position\":3,\"name\":\"Seashells Earring\"}]},{\"@type\":\"WebSite\",\"@id\":\"https:\\\/\\\/thelumousstory.fi\\\/en\\\/#website\",\"url\":\"https:\\\/\\\/thelumousstory.fi\\\/en\\\/\",\"name\":\"The Lumous Story\",\"description\":\"K\u00e4sintehtyj\u00e4 koruja luonnonkivist\u00e4\",\"potentialAction\":[{\"@type\":\"SearchAction\",\"target\":{\"@type\":\"EntryPoint\",\"urlTemplate\":\"https:\\\/\\\/thelumousstory.fi\\\/en\\\/?s={search_term_string}\"},\"query-input\":{\"@type\":\"PropertyValueSpecification\",\"valueRequired\":true,\"valueName\":\"search_term_string\"}}],\"inLanguage\":\"en-US\"}]}<\/script>\n","yoast_head_json":{"title":"Seashells Earring - The Lumous Story","robots":{"index":"index","follow":"follow","max-snippet":"max-snippet:-1","max-image-preview":"max-image-preview:large","max-video-preview":"max-video-preview:-1"},"canonical":"https:\/\/thelumousstory.fi\/en\/product\/feather-earring-kopio-kopio-kopio\/","og_locale":"en_US","og_type":"article","og_title":"Seashells Earring - The Lumous Story","og_description":"Natural seashellearrings. Light and delicate design. Material stainless steel, hooks surgical steel. Lenght 6 cm, width 2 cm.","og_url":"https:\/\/thelumousstory.fi\/en\/product\/feather-earring-kopio-kopio-kopio\/","og_site_name":"The Lumous Story","article_modified_time":"2024-10-10T13:01:52+00:00","og_image":[{"width":1001,"height":1255,"url":"https:\/\/thelumousstory.fi\/oackugna\/2022\/11\/C6ECAC5D-4204-4B4E-8274-9207A16DDB0A.jpeg","type":"image\/jpeg"}],"twitter_card":"summary_large_image","twitter_misc":{"Est. reading time":"1 minute"},"schema":{"@context":"https:\/\/schema.org","@graph":[{"@type":"WebPage","@id":"https:\/\/thelumousstory.fi\/en\/product\/feather-earring-kopio-kopio-kopio\/","url":"https:\/\/thelumousstory.fi\/en\/product\/feather-earring-kopio-kopio-kopio\/","name":"Seashells Earring - The Lumous Story","isPartOf":{"@id":"https:\/\/thelumousstory.fi\/en\/#website"},"primaryImageOfPage":{"@id":"https:\/\/thelumousstory.fi\/en\/product\/feather-earring-kopio-kopio-kopio\/#primaryimage"},"image":{"@id":"https:\/\/thelumousstory.fi\/en\/product\/feather-earring-kopio-kopio-kopio\/#primaryimage"},"thumbnailUrl":"https:\/\/thelumousstory.fi\/oackugna\/2022\/11\/C6ECAC5D-4204-4B4E-8274-9207A16DDB0A.jpeg","datePublished":"2022-11-27T12:54:18+00:00","dateModified":"2024-10-10T13:01:52+00:00","breadcrumb":{"@id":"https:\/\/thelumousstory.fi\/en\/product\/feather-earring-kopio-kopio-kopio\/#breadcrumb"},"inLanguage":"en-US","potentialAction":[{"@type":"ReadAction","target":["https:\/\/thelumousstory.fi\/en\/product\/feather-earring-kopio-kopio-kopio\/"]}]},{"@type":"ImageObject","inLanguage":"en-US","@id":"https:\/\/thelumousstory.fi\/en\/product\/feather-earring-kopio-kopio-kopio\/#primaryimage","url":"https:\/\/thelumousstory.fi\/oackugna\/2022\/11\/C6ECAC5D-4204-4B4E-8274-9207A16DDB0A.jpeg","contentUrl":"https:\/\/thelumousstory.fi\/oackugna\/2022\/11\/C6ECAC5D-4204-4B4E-8274-9207A16DDB0A.jpeg","width":1001,"height":1255},{"@type":"BreadcrumbList","@id":"https:\/\/thelumousstory.fi\/en\/product\/feather-earring-kopio-kopio-kopio\/#breadcrumb","itemListElement":[{"@type":"ListItem","position":1,"name":"Home","item":"https:\/\/thelumousstory.fi\/en\/"},{"@type":"ListItem","position":2,"name":"Shop","item":"https:\/\/thelumousstory.fi\/en\/shop\/"},{"@type":"ListItem","position":3,"name":"Seashells Earring"}]},{"@type":"WebSite","@id":"https:\/\/thelumousstory.fi\/en\/#website","url":"https:\/\/thelumousstory.fi\/en\/","name":"The Lumous Story","description":"K\u00e4sintehtyj\u00e4 koruja luonnonkivist\u00e4","potentialAction":[{"@type":"SearchAction","target":{"@type":"EntryPoint","urlTemplate":"https:\/\/thelumousstory.fi\/en\/?s={search_term_string}"},"query-input":{"@type":"PropertyValueSpecification","valueRequired":true,"valueName":"search_term_string"}}],"inLanguage":"en-US"}]}},"_links":{"self":[{"href":"https:\/\/thelumousstory.fi\/en\/wp-json\/wp\/v2\/product\/3199","targetHints":{"allow":["GET"]}}],"collection":[{"href":"https:\/\/thelumousstory.fi\/en\/wp-json\/wp\/v2\/product"}],"about":[{"href":"https:\/\/thelumousstory.fi\/en\/wp-json\/wp\/v2\/types\/product"}],"replies":[{"embeddable":true,"href":"https:\/\/thelumousstory.fi\/en\/wp-json\/wp\/v2\/comments?post=3199"}],"wp:featuredmedia":[{"embeddable":true,"href":"https:\/\/thelumousstory.fi\/en\/wp-json\/wp\/v2\/media\/3201"}],"wp:attachment":[{"href":"https:\/\/thelumousstory.fi\/en\/wp-json\/wp\/v2\/media?parent=3199"}],"wp:term":[{"taxonomy":"product_brand","embeddable":true,"href":"https:\/\/thelumousstory.fi\/en\/wp-json\/wp\/v2\/product_brand?post=3199"},{"taxonomy":"product_cat","embeddable":true,"href":"https:\/\/thelumousstory.fi\/en\/wp-json\/wp\/v2\/product_cat?post=3199"},{"taxonomy":"product_tag","embeddable":true,"href":"https:\/\/thelumousstory.fi\/en\/wp-json\/wp\/v2\/product_tag?post=3199"}],"curies":[{"name":"wp","href":"https:\/\/api.w.org\/{rel}","templated":true}]}}