{"id":3948,"date":"2024-10-08T22:11:17","date_gmt":"2024-10-08T22:11:18","guid":{"rendered":"https:\/\/thelumousstory.fi\/?post_type=product&#038;p=3948"},"modified":"2024-10-11T17:53:25","modified_gmt":"2024-10-11T17:53:25","slug":"buddha-feminine-%f0%9f%96%a4","status":"publish","type":"product","link":"https:\/\/thelumousstory.fi\/en\/product\/buddha-feminine-%f0%9f%96%a4\/","title":{"rendered":"Tree of Life big Feminine \ud83d\udda4"},"content":{"rendered":"<p class=\"p1\"><span class=\"s1\">A unique stone bead pendant made from natural stone of rosequartz and amazonite. Brass Tree of life amulet. 108 stone beads, length approx. 60 cm. The jewelry is a unique piece and belongs to the Feminine \ud83d\udda4 Masculine collection.<\/span><\/p>\n","protected":false},"excerpt":{"rendered":"<p>A unique stone bead pendant made from natural stone of rosequartz and amazonite. Brass Tree of life amulet. 108 stone beads, length approx. 60 cm. The jewelry is a unique piece and belongs to the Feminine \ud83d\udda4 Masculine collection.<\/p>\n","protected":false},"featured_media":3943,"comment_status":"open","ping_status":"closed","template":"","meta":{"_acf_changed":false},"product_brand":[],"product_cat":[61,42],"product_tag":[],"class_list":{"0":"post-3948","1":"product","2":"type-product","3":"status-publish","4":"has-post-thumbnail","6":"product_cat-feminine-masculine-collection-en","7":"product_cat-jewellery","9":"first","10":"instock","11":"taxable","12":"shipping-taxable","13":"purchasable","14":"product-type-simple"},"acf":[],"yoast_head":"\n<title>Tree of Life big Feminine \ud83d\udda4 - The Lumous Story<\/title>\n<meta name=\"robots\" content=\"index, follow, max-snippet:-1, max-image-preview:large, max-video-preview:-1\" \/>\n<link rel=\"canonical\" href=\"https:\/\/thelumousstory.fi\/en\/product\/buddha-feminine-%f0%9f%96%a4\/\" \/>\n<meta property=\"og:locale\" content=\"en_US\" \/>\n<meta property=\"og:type\" content=\"article\" \/>\n<meta property=\"og:title\" content=\"Tree of Life big Feminine \ud83d\udda4 - The Lumous Story\" \/>\n<meta property=\"og:description\" content=\"A unique stone bead pendant made from natural stone of rosequartz and amazonite. Brass Tree of life amulet. 108 stone beads, length approx. 60 cm. The jewelry is a unique piece and belongs to the Feminine \ud83d\udda4 Masculine collection.\" \/>\n<meta property=\"og:url\" content=\"https:\/\/thelumousstory.fi\/en\/product\/buddha-feminine-%f0%9f%96%a4\/\" \/>\n<meta property=\"og:site_name\" content=\"The Lumous Story\" \/>\n<meta property=\"article:modified_time\" content=\"2024-10-11T17:53:25+00:00\" \/>\n<meta property=\"og:image\" content=\"https:\/\/thelumousstory.fi\/oackugna\/2024\/10\/IMG_6116-1.jpeg\" \/>\n\t<meta property=\"og:image:width\" content=\"1100\" \/>\n\t<meta property=\"og:image:height\" content=\"1650\" \/>\n\t<meta property=\"og:image:type\" content=\"image\/jpeg\" \/>\n<meta name=\"twitter:card\" content=\"summary_large_image\" \/>\n<meta name=\"twitter:label1\" content=\"Est. reading time\" \/>\n\t<meta name=\"twitter:data1\" content=\"1 minute\" \/>\n<script type=\"application\/ld+json\" class=\"yoast-schema-graph\">{\"@context\":\"https:\\\/\\\/schema.org\",\"@graph\":[{\"@type\":\"WebPage\",\"@id\":\"https:\\\/\\\/thelumousstory.fi\\\/en\\\/product\\\/buddha-feminine-%f0%9f%96%a4\\\/\",\"url\":\"https:\\\/\\\/thelumousstory.fi\\\/en\\\/product\\\/buddha-feminine-%f0%9f%96%a4\\\/\",\"name\":\"Tree of Life big Feminine \ud83d\udda4 - The Lumous Story\",\"isPartOf\":{\"@id\":\"https:\\\/\\\/thelumousstory.fi\\\/en\\\/#website\"},\"primaryImageOfPage\":{\"@id\":\"https:\\\/\\\/thelumousstory.fi\\\/en\\\/product\\\/buddha-feminine-%f0%9f%96%a4\\\/#primaryimage\"},\"image\":{\"@id\":\"https:\\\/\\\/thelumousstory.fi\\\/en\\\/product\\\/buddha-feminine-%f0%9f%96%a4\\\/#primaryimage\"},\"thumbnailUrl\":\"https:\\\/\\\/thelumousstory.fi\\\/wp-content\\\/uploads\\\/2024\\\/10\\\/IMG_6116-1.jpeg\",\"datePublished\":\"2024-10-08T22:11:18+00:00\",\"dateModified\":\"2024-10-11T17:53:25+00:00\",\"breadcrumb\":{\"@id\":\"https:\\\/\\\/thelumousstory.fi\\\/en\\\/product\\\/buddha-feminine-%f0%9f%96%a4\\\/#breadcrumb\"},\"inLanguage\":\"en-US\",\"potentialAction\":[{\"@type\":\"ReadAction\",\"target\":[\"https:\\\/\\\/thelumousstory.fi\\\/en\\\/product\\\/buddha-feminine-%f0%9f%96%a4\\\/\"]}]},{\"@type\":\"ImageObject\",\"inLanguage\":\"en-US\",\"@id\":\"https:\\\/\\\/thelumousstory.fi\\\/en\\\/product\\\/buddha-feminine-%f0%9f%96%a4\\\/#primaryimage\",\"url\":\"https:\\\/\\\/thelumousstory.fi\\\/wp-content\\\/uploads\\\/2024\\\/10\\\/IMG_6116-1.jpeg\",\"contentUrl\":\"https:\\\/\\\/thelumousstory.fi\\\/wp-content\\\/uploads\\\/2024\\\/10\\\/IMG_6116-1.jpeg\",\"width\":1100,\"height\":1650},{\"@type\":\"BreadcrumbList\",\"@id\":\"https:\\\/\\\/thelumousstory.fi\\\/en\\\/product\\\/buddha-feminine-%f0%9f%96%a4\\\/#breadcrumb\",\"itemListElement\":[{\"@type\":\"ListItem\",\"position\":1,\"name\":\"Home\",\"item\":\"https:\\\/\\\/thelumousstory.fi\\\/en\\\/\"},{\"@type\":\"ListItem\",\"position\":2,\"name\":\"Shop\",\"item\":\"https:\\\/\\\/thelumousstory.fi\\\/en\\\/shop\\\/\"},{\"@type\":\"ListItem\",\"position\":3,\"name\":\"Tree of Life big Feminine \ud83d\udda4\"}]},{\"@type\":\"WebSite\",\"@id\":\"https:\\\/\\\/thelumousstory.fi\\\/en\\\/#website\",\"url\":\"https:\\\/\\\/thelumousstory.fi\\\/en\\\/\",\"name\":\"The Lumous Story\",\"description\":\"K\u00e4sintehtyj\u00e4 koruja luonnonkivist\u00e4\",\"potentialAction\":[{\"@type\":\"SearchAction\",\"target\":{\"@type\":\"EntryPoint\",\"urlTemplate\":\"https:\\\/\\\/thelumousstory.fi\\\/en\\\/?s={search_term_string}\"},\"query-input\":{\"@type\":\"PropertyValueSpecification\",\"valueRequired\":true,\"valueName\":\"search_term_string\"}}],\"inLanguage\":\"en-US\"}]}<\/script>\n","yoast_head_json":{"title":"Tree of Life big Feminine \ud83d\udda4 - The Lumous Story","robots":{"index":"index","follow":"follow","max-snippet":"max-snippet:-1","max-image-preview":"max-image-preview:large","max-video-preview":"max-video-preview:-1"},"canonical":"https:\/\/thelumousstory.fi\/en\/product\/buddha-feminine-%f0%9f%96%a4\/","og_locale":"en_US","og_type":"article","og_title":"Tree of Life big Feminine \ud83d\udda4 - The Lumous Story","og_description":"A unique stone bead pendant made from natural stone of rosequartz and amazonite. Brass Tree of life amulet. 108 stone beads, length approx. 60 cm. The jewelry is a unique piece and belongs to the Feminine \ud83d\udda4 Masculine collection.","og_url":"https:\/\/thelumousstory.fi\/en\/product\/buddha-feminine-%f0%9f%96%a4\/","og_site_name":"The Lumous Story","article_modified_time":"2024-10-11T17:53:25+00:00","og_image":[{"width":1100,"height":1650,"url":"https:\/\/thelumousstory.fi\/oackugna\/2024\/10\/IMG_6116-1.jpeg","type":"image\/jpeg"}],"twitter_card":"summary_large_image","twitter_misc":{"Est. reading time":"1 minute"},"schema":{"@context":"https:\/\/schema.org","@graph":[{"@type":"WebPage","@id":"https:\/\/thelumousstory.fi\/en\/product\/buddha-feminine-%f0%9f%96%a4\/","url":"https:\/\/thelumousstory.fi\/en\/product\/buddha-feminine-%f0%9f%96%a4\/","name":"Tree of Life big Feminine \ud83d\udda4 - The Lumous Story","isPartOf":{"@id":"https:\/\/thelumousstory.fi\/en\/#website"},"primaryImageOfPage":{"@id":"https:\/\/thelumousstory.fi\/en\/product\/buddha-feminine-%f0%9f%96%a4\/#primaryimage"},"image":{"@id":"https:\/\/thelumousstory.fi\/en\/product\/buddha-feminine-%f0%9f%96%a4\/#primaryimage"},"thumbnailUrl":"https:\/\/thelumousstory.fi\/oackugna\/2024\/10\/IMG_6116-1.jpeg","datePublished":"2024-10-08T22:11:18+00:00","dateModified":"2024-10-11T17:53:25+00:00","breadcrumb":{"@id":"https:\/\/thelumousstory.fi\/en\/product\/buddha-feminine-%f0%9f%96%a4\/#breadcrumb"},"inLanguage":"en-US","potentialAction":[{"@type":"ReadAction","target":["https:\/\/thelumousstory.fi\/en\/product\/buddha-feminine-%f0%9f%96%a4\/"]}]},{"@type":"ImageObject","inLanguage":"en-US","@id":"https:\/\/thelumousstory.fi\/en\/product\/buddha-feminine-%f0%9f%96%a4\/#primaryimage","url":"https:\/\/thelumousstory.fi\/oackugna\/2024\/10\/IMG_6116-1.jpeg","contentUrl":"https:\/\/thelumousstory.fi\/oackugna\/2024\/10\/IMG_6116-1.jpeg","width":1100,"height":1650},{"@type":"BreadcrumbList","@id":"https:\/\/thelumousstory.fi\/en\/product\/buddha-feminine-%f0%9f%96%a4\/#breadcrumb","itemListElement":[{"@type":"ListItem","position":1,"name":"Home","item":"https:\/\/thelumousstory.fi\/en\/"},{"@type":"ListItem","position":2,"name":"Shop","item":"https:\/\/thelumousstory.fi\/en\/shop\/"},{"@type":"ListItem","position":3,"name":"Tree of Life big Feminine \ud83d\udda4"}]},{"@type":"WebSite","@id":"https:\/\/thelumousstory.fi\/en\/#website","url":"https:\/\/thelumousstory.fi\/en\/","name":"The Lumous Story","description":"K\u00e4sintehtyj\u00e4 koruja luonnonkivist\u00e4","potentialAction":[{"@type":"SearchAction","target":{"@type":"EntryPoint","urlTemplate":"https:\/\/thelumousstory.fi\/en\/?s={search_term_string}"},"query-input":{"@type":"PropertyValueSpecification","valueRequired":true,"valueName":"search_term_string"}}],"inLanguage":"en-US"}]}},"_links":{"self":[{"href":"https:\/\/thelumousstory.fi\/en\/wp-json\/wp\/v2\/product\/3948","targetHints":{"allow":["GET"]}}],"collection":[{"href":"https:\/\/thelumousstory.fi\/en\/wp-json\/wp\/v2\/product"}],"about":[{"href":"https:\/\/thelumousstory.fi\/en\/wp-json\/wp\/v2\/types\/product"}],"replies":[{"embeddable":true,"href":"https:\/\/thelumousstory.fi\/en\/wp-json\/wp\/v2\/comments?post=3948"}],"wp:featuredmedia":[{"embeddable":true,"href":"https:\/\/thelumousstory.fi\/en\/wp-json\/wp\/v2\/media\/3943"}],"wp:attachment":[{"href":"https:\/\/thelumousstory.fi\/en\/wp-json\/wp\/v2\/media?parent=3948"}],"wp:term":[{"taxonomy":"product_brand","embeddable":true,"href":"https:\/\/thelumousstory.fi\/en\/wp-json\/wp\/v2\/product_brand?post=3948"},{"taxonomy":"product_cat","embeddable":true,"href":"https:\/\/thelumousstory.fi\/en\/wp-json\/wp\/v2\/product_cat?post=3948"},{"taxonomy":"product_tag","embeddable":true,"href":"https:\/\/thelumousstory.fi\/en\/wp-json\/wp\/v2\/product_tag?post=3948"}],"curies":[{"name":"wp","href":"https:\/\/api.w.org\/{rel}","templated":true}]}}