{"id":698,"date":"2018-09-17T12:37:36","date_gmt":"2018-09-17T12:37:36","guid":{"rendered":"http:\/\/thelumousstory.fi\/tuote\/magnesite-tassel\/"},"modified":"2021-02-15T10:43:01","modified_gmt":"2021-02-15T10:43:01","slug":"magnesite-tassel","status":"publish","type":"product","link":"https:\/\/thelumousstory.fi\/en\/product\/magnesite-tassel\/","title":{"rendered":"Magnesite &#038; Tassel mala, medium"},"content":{"rendered":"<p>Turqoise magnesite malabeads with embellished tassel. Medium size beads. 108 beads, length 57cm.<\/p>\n","protected":false},"excerpt":{"rendered":"<p>Turqoise magnesite malabeads with embellished tassel. Medium size beads. 108 beads, length 57cm.<\/p>\n","protected":false},"featured_media":541,"comment_status":"open","ping_status":"closed","template":"","meta":{"_acf_changed":false},"product_brand":[],"product_cat":[44,42,43],"product_tag":[],"class_list":{"0":"post-698","1":"product","2":"type-product","3":"status-publish","4":"has-post-thumbnail","6":"product_cat-bead-necklaces","7":"product_cat-jewellery","8":"product_cat-necklaces","10":"first","11":"instock","12":"taxable","13":"shipping-taxable","14":"purchasable","15":"product-type-simple"},"acf":[],"yoast_head":"\n<title>Magnesite &amp; Tassel mala, medium - The Lumous Story<\/title>\n<meta name=\"robots\" content=\"index, follow, max-snippet:-1, max-image-preview:large, max-video-preview:-1\" \/>\n<link rel=\"canonical\" href=\"https:\/\/thelumousstory.fi\/en\/product\/magnesite-tassel\/\" \/>\n<meta property=\"og:locale\" content=\"en_US\" \/>\n<meta property=\"og:type\" content=\"article\" \/>\n<meta property=\"og:title\" content=\"Magnesite &amp; Tassel mala, medium - The Lumous Story\" \/>\n<meta property=\"og:description\" content=\"Turqoise magnesite malabeads with embellished tassel. Medium size beads. 108 beads, length 57cm.\" \/>\n<meta property=\"og:url\" content=\"https:\/\/thelumousstory.fi\/en\/product\/magnesite-tassel\/\" \/>\n<meta property=\"og:site_name\" content=\"The Lumous Story\" \/>\n<meta property=\"article:modified_time\" content=\"2021-02-15T10:43:01+00:00\" \/>\n<meta property=\"og:image\" content=\"https:\/\/thelumousstory.fi\/oackugna\/2018\/09\/Lumous-korut94-1.jpg\" \/>\n\t<meta property=\"og:image:width\" content=\"600\" \/>\n\t<meta property=\"og:image:height\" content=\"642\" \/>\n\t<meta property=\"og:image:type\" content=\"image\/jpeg\" \/>\n<meta name=\"twitter:card\" content=\"summary_large_image\" \/>\n<script type=\"application\/ld+json\" class=\"yoast-schema-graph\">{\"@context\":\"https:\\\/\\\/schema.org\",\"@graph\":[{\"@type\":\"WebPage\",\"@id\":\"https:\\\/\\\/thelumousstory.fi\\\/en\\\/product\\\/magnesite-tassel\\\/\",\"url\":\"https:\\\/\\\/thelumousstory.fi\\\/en\\\/product\\\/magnesite-tassel\\\/\",\"name\":\"Magnesite & Tassel mala, medium - The Lumous Story\",\"isPartOf\":{\"@id\":\"https:\\\/\\\/thelumousstory.fi\\\/en\\\/#website\"},\"primaryImageOfPage\":{\"@id\":\"https:\\\/\\\/thelumousstory.fi\\\/en\\\/product\\\/magnesite-tassel\\\/#primaryimage\"},\"image\":{\"@id\":\"https:\\\/\\\/thelumousstory.fi\\\/en\\\/product\\\/magnesite-tassel\\\/#primaryimage\"},\"thumbnailUrl\":\"https:\\\/\\\/thelumousstory.fi\\\/wp-content\\\/uploads\\\/2018\\\/09\\\/Lumous-korut94-1.jpg\",\"datePublished\":\"2018-09-17T12:37:36+00:00\",\"dateModified\":\"2021-02-15T10:43:01+00:00\",\"breadcrumb\":{\"@id\":\"https:\\\/\\\/thelumousstory.fi\\\/en\\\/product\\\/magnesite-tassel\\\/#breadcrumb\"},\"inLanguage\":\"en-US\",\"potentialAction\":[{\"@type\":\"ReadAction\",\"target\":[\"https:\\\/\\\/thelumousstory.fi\\\/en\\\/product\\\/magnesite-tassel\\\/\"]}]},{\"@type\":\"ImageObject\",\"inLanguage\":\"en-US\",\"@id\":\"https:\\\/\\\/thelumousstory.fi\\\/en\\\/product\\\/magnesite-tassel\\\/#primaryimage\",\"url\":\"https:\\\/\\\/thelumousstory.fi\\\/wp-content\\\/uploads\\\/2018\\\/09\\\/Lumous-korut94-1.jpg\",\"contentUrl\":\"https:\\\/\\\/thelumousstory.fi\\\/wp-content\\\/uploads\\\/2018\\\/09\\\/Lumous-korut94-1.jpg\",\"width\":600,\"height\":642},{\"@type\":\"BreadcrumbList\",\"@id\":\"https:\\\/\\\/thelumousstory.fi\\\/en\\\/product\\\/magnesite-tassel\\\/#breadcrumb\",\"itemListElement\":[{\"@type\":\"ListItem\",\"position\":1,\"name\":\"Home\",\"item\":\"https:\\\/\\\/thelumousstory.fi\\\/en\\\/\"},{\"@type\":\"ListItem\",\"position\":2,\"name\":\"Shop\",\"item\":\"https:\\\/\\\/thelumousstory.fi\\\/en\\\/shop\\\/\"},{\"@type\":\"ListItem\",\"position\":3,\"name\":\"Magnesite &#038; Tassel mala, medium\"}]},{\"@type\":\"WebSite\",\"@id\":\"https:\\\/\\\/thelumousstory.fi\\\/en\\\/#website\",\"url\":\"https:\\\/\\\/thelumousstory.fi\\\/en\\\/\",\"name\":\"The Lumous Story\",\"description\":\"K\u00e4sintehtyj\u00e4 koruja luonnonkivist\u00e4\",\"potentialAction\":[{\"@type\":\"SearchAction\",\"target\":{\"@type\":\"EntryPoint\",\"urlTemplate\":\"https:\\\/\\\/thelumousstory.fi\\\/en\\\/?s={search_term_string}\"},\"query-input\":{\"@type\":\"PropertyValueSpecification\",\"valueRequired\":true,\"valueName\":\"search_term_string\"}}],\"inLanguage\":\"en-US\"}]}<\/script>\n","yoast_head_json":{"title":"Magnesite & Tassel mala, medium - The Lumous Story","robots":{"index":"index","follow":"follow","max-snippet":"max-snippet:-1","max-image-preview":"max-image-preview:large","max-video-preview":"max-video-preview:-1"},"canonical":"https:\/\/thelumousstory.fi\/en\/product\/magnesite-tassel\/","og_locale":"en_US","og_type":"article","og_title":"Magnesite & Tassel mala, medium - The Lumous Story","og_description":"Turqoise magnesite malabeads with embellished tassel. Medium size beads. 108 beads, length 57cm.","og_url":"https:\/\/thelumousstory.fi\/en\/product\/magnesite-tassel\/","og_site_name":"The Lumous Story","article_modified_time":"2021-02-15T10:43:01+00:00","og_image":[{"width":600,"height":642,"url":"https:\/\/thelumousstory.fi\/oackugna\/2018\/09\/Lumous-korut94-1.jpg","type":"image\/jpeg"}],"twitter_card":"summary_large_image","schema":{"@context":"https:\/\/schema.org","@graph":[{"@type":"WebPage","@id":"https:\/\/thelumousstory.fi\/en\/product\/magnesite-tassel\/","url":"https:\/\/thelumousstory.fi\/en\/product\/magnesite-tassel\/","name":"Magnesite & Tassel mala, medium - The Lumous Story","isPartOf":{"@id":"https:\/\/thelumousstory.fi\/en\/#website"},"primaryImageOfPage":{"@id":"https:\/\/thelumousstory.fi\/en\/product\/magnesite-tassel\/#primaryimage"},"image":{"@id":"https:\/\/thelumousstory.fi\/en\/product\/magnesite-tassel\/#primaryimage"},"thumbnailUrl":"https:\/\/thelumousstory.fi\/oackugna\/2018\/09\/Lumous-korut94-1.jpg","datePublished":"2018-09-17T12:37:36+00:00","dateModified":"2021-02-15T10:43:01+00:00","breadcrumb":{"@id":"https:\/\/thelumousstory.fi\/en\/product\/magnesite-tassel\/#breadcrumb"},"inLanguage":"en-US","potentialAction":[{"@type":"ReadAction","target":["https:\/\/thelumousstory.fi\/en\/product\/magnesite-tassel\/"]}]},{"@type":"ImageObject","inLanguage":"en-US","@id":"https:\/\/thelumousstory.fi\/en\/product\/magnesite-tassel\/#primaryimage","url":"https:\/\/thelumousstory.fi\/oackugna\/2018\/09\/Lumous-korut94-1.jpg","contentUrl":"https:\/\/thelumousstory.fi\/oackugna\/2018\/09\/Lumous-korut94-1.jpg","width":600,"height":642},{"@type":"BreadcrumbList","@id":"https:\/\/thelumousstory.fi\/en\/product\/magnesite-tassel\/#breadcrumb","itemListElement":[{"@type":"ListItem","position":1,"name":"Home","item":"https:\/\/thelumousstory.fi\/en\/"},{"@type":"ListItem","position":2,"name":"Shop","item":"https:\/\/thelumousstory.fi\/en\/shop\/"},{"@type":"ListItem","position":3,"name":"Magnesite &#038; Tassel mala, medium"}]},{"@type":"WebSite","@id":"https:\/\/thelumousstory.fi\/en\/#website","url":"https:\/\/thelumousstory.fi\/en\/","name":"The Lumous Story","description":"K\u00e4sintehtyj\u00e4 koruja luonnonkivist\u00e4","potentialAction":[{"@type":"SearchAction","target":{"@type":"EntryPoint","urlTemplate":"https:\/\/thelumousstory.fi\/en\/?s={search_term_string}"},"query-input":{"@type":"PropertyValueSpecification","valueRequired":true,"valueName":"search_term_string"}}],"inLanguage":"en-US"}]}},"_links":{"self":[{"href":"https:\/\/thelumousstory.fi\/en\/wp-json\/wp\/v2\/product\/698","targetHints":{"allow":["GET"]}}],"collection":[{"href":"https:\/\/thelumousstory.fi\/en\/wp-json\/wp\/v2\/product"}],"about":[{"href":"https:\/\/thelumousstory.fi\/en\/wp-json\/wp\/v2\/types\/product"}],"replies":[{"embeddable":true,"href":"https:\/\/thelumousstory.fi\/en\/wp-json\/wp\/v2\/comments?post=698"}],"wp:featuredmedia":[{"embeddable":true,"href":"https:\/\/thelumousstory.fi\/en\/wp-json\/wp\/v2\/media\/541"}],"wp:attachment":[{"href":"https:\/\/thelumousstory.fi\/en\/wp-json\/wp\/v2\/media?parent=698"}],"wp:term":[{"taxonomy":"product_brand","embeddable":true,"href":"https:\/\/thelumousstory.fi\/en\/wp-json\/wp\/v2\/product_brand?post=698"},{"taxonomy":"product_cat","embeddable":true,"href":"https:\/\/thelumousstory.fi\/en\/wp-json\/wp\/v2\/product_cat?post=698"},{"taxonomy":"product_tag","embeddable":true,"href":"https:\/\/thelumousstory.fi\/en\/wp-json\/wp\/v2\/product_tag?post=698"}],"curies":[{"name":"wp","href":"https:\/\/api.w.org\/{rel}","templated":true}]}}