{"id":701,"date":"2018-09-17T12:11:22","date_gmt":"2018-09-17T12:11:22","guid":{"rendered":"http:\/\/thelumousstory.fi\/tuote\/onyx-flower-of-life-big-pattern\/"},"modified":"2024-10-14T17:52:28","modified_gmt":"2024-10-14T17:52:28","slug":"flower-of-life-key-ring","status":"publish","type":"product","link":"https:\/\/thelumousstory.fi\/en\/product\/flower-of-life-key-ring\/","title":{"rendered":"Ganesha keyring"},"content":{"rendered":"<p>Ganesha keyring with natural stones rosequarz, crystals, pearls and bells. Lock and ring where to secure your keys. Bells will help you find the keys in your bag. Lenght approximately 17 cm.<\/p>\n","protected":false},"excerpt":{"rendered":"<p>Ganesha keyring with natural stones rosequarz, crystals, pearls and bells. Lock and ring where to secure your keys. Bells will help you find the keys in your bag. Lenght approximately 17 cm.<\/p>\n","protected":false},"featured_media":2845,"comment_status":"open","ping_status":"closed","template":"","meta":{"_acf_changed":false},"product_brand":[],"product_cat":[58,42],"product_tag":[],"class_list":{"0":"post-701","1":"product","2":"type-product","3":"status-publish","4":"has-post-thumbnail","6":"product_cat-amulets","7":"product_cat-jewellery","8":"product_shipping_class-390-e-en","10":"first","11":"instock","12":"taxable","13":"shipping-taxable","14":"purchasable","15":"product-type-simple"},"acf":[],"yoast_head":"\n<title>Ganesha keyring - The Lumous Story<\/title>\n<meta name=\"robots\" content=\"index, follow, max-snippet:-1, max-image-preview:large, max-video-preview:-1\" \/>\n<link rel=\"canonical\" href=\"https:\/\/thelumousstory.fi\/en\/product\/flower-of-life-key-ring\/\" \/>\n<meta property=\"og:locale\" content=\"en_US\" \/>\n<meta property=\"og:type\" content=\"article\" \/>\n<meta property=\"og:title\" content=\"Ganesha keyring - The Lumous Story\" \/>\n<meta property=\"og:description\" content=\"Ganesha keyring with natural stones rosequarz, crystals, pearls and bells. Lock and ring where to secure your keys. Bells will help you find the keys in your bag. Lenght approximately 17 cm.\" \/>\n<meta property=\"og:url\" content=\"https:\/\/thelumousstory.fi\/en\/product\/flower-of-life-key-ring\/\" \/>\n<meta property=\"og:site_name\" content=\"The Lumous Story\" \/>\n<meta property=\"article:modified_time\" content=\"2024-10-14T17:52:28+00:00\" \/>\n<meta property=\"og:image\" content=\"https:\/\/thelumousstory.fi\/oackugna\/2018\/09\/2D2E58A2-60D5-4E17-8BEB-2B442E1B1C42.jpeg\" \/>\n\t<meta property=\"og:image:width\" content=\"750\" \/>\n\t<meta property=\"og:image:height\" content=\"1062\" \/>\n\t<meta property=\"og:image:type\" content=\"image\/jpeg\" \/>\n<meta name=\"twitter:card\" content=\"summary_large_image\" \/>\n<script type=\"application\/ld+json\" class=\"yoast-schema-graph\">{\"@context\":\"https:\\\/\\\/schema.org\",\"@graph\":[{\"@type\":\"WebPage\",\"@id\":\"https:\\\/\\\/thelumousstory.fi\\\/en\\\/product\\\/flower-of-life-key-ring\\\/\",\"url\":\"https:\\\/\\\/thelumousstory.fi\\\/en\\\/product\\\/flower-of-life-key-ring\\\/\",\"name\":\"Ganesha keyring - The Lumous Story\",\"isPartOf\":{\"@id\":\"https:\\\/\\\/thelumousstory.fi\\\/en\\\/#website\"},\"primaryImageOfPage\":{\"@id\":\"https:\\\/\\\/thelumousstory.fi\\\/en\\\/product\\\/flower-of-life-key-ring\\\/#primaryimage\"},\"image\":{\"@id\":\"https:\\\/\\\/thelumousstory.fi\\\/en\\\/product\\\/flower-of-life-key-ring\\\/#primaryimage\"},\"thumbnailUrl\":\"https:\\\/\\\/thelumousstory.fi\\\/wp-content\\\/uploads\\\/2018\\\/09\\\/2D2E58A2-60D5-4E17-8BEB-2B442E1B1C42.jpeg\",\"datePublished\":\"2018-09-17T12:11:22+00:00\",\"dateModified\":\"2024-10-14T17:52:28+00:00\",\"breadcrumb\":{\"@id\":\"https:\\\/\\\/thelumousstory.fi\\\/en\\\/product\\\/flower-of-life-key-ring\\\/#breadcrumb\"},\"inLanguage\":\"en-US\",\"potentialAction\":[{\"@type\":\"ReadAction\",\"target\":[\"https:\\\/\\\/thelumousstory.fi\\\/en\\\/product\\\/flower-of-life-key-ring\\\/\"]}]},{\"@type\":\"ImageObject\",\"inLanguage\":\"en-US\",\"@id\":\"https:\\\/\\\/thelumousstory.fi\\\/en\\\/product\\\/flower-of-life-key-ring\\\/#primaryimage\",\"url\":\"https:\\\/\\\/thelumousstory.fi\\\/wp-content\\\/uploads\\\/2018\\\/09\\\/2D2E58A2-60D5-4E17-8BEB-2B442E1B1C42.jpeg\",\"contentUrl\":\"https:\\\/\\\/thelumousstory.fi\\\/wp-content\\\/uploads\\\/2018\\\/09\\\/2D2E58A2-60D5-4E17-8BEB-2B442E1B1C42.jpeg\",\"width\":750,\"height\":1062},{\"@type\":\"BreadcrumbList\",\"@id\":\"https:\\\/\\\/thelumousstory.fi\\\/en\\\/product\\\/flower-of-life-key-ring\\\/#breadcrumb\",\"itemListElement\":[{\"@type\":\"ListItem\",\"position\":1,\"name\":\"Home\",\"item\":\"https:\\\/\\\/thelumousstory.fi\\\/en\\\/\"},{\"@type\":\"ListItem\",\"position\":2,\"name\":\"Shop\",\"item\":\"https:\\\/\\\/thelumousstory.fi\\\/en\\\/shop\\\/\"},{\"@type\":\"ListItem\",\"position\":3,\"name\":\"Ganesha keyring\"}]},{\"@type\":\"WebSite\",\"@id\":\"https:\\\/\\\/thelumousstory.fi\\\/en\\\/#website\",\"url\":\"https:\\\/\\\/thelumousstory.fi\\\/en\\\/\",\"name\":\"The Lumous Story\",\"description\":\"K\u00e4sintehtyj\u00e4 koruja luonnonkivist\u00e4\",\"potentialAction\":[{\"@type\":\"SearchAction\",\"target\":{\"@type\":\"EntryPoint\",\"urlTemplate\":\"https:\\\/\\\/thelumousstory.fi\\\/en\\\/?s={search_term_string}\"},\"query-input\":{\"@type\":\"PropertyValueSpecification\",\"valueRequired\":true,\"valueName\":\"search_term_string\"}}],\"inLanguage\":\"en-US\"}]}<\/script>\n","yoast_head_json":{"title":"Ganesha keyring - The Lumous Story","robots":{"index":"index","follow":"follow","max-snippet":"max-snippet:-1","max-image-preview":"max-image-preview:large","max-video-preview":"max-video-preview:-1"},"canonical":"https:\/\/thelumousstory.fi\/en\/product\/flower-of-life-key-ring\/","og_locale":"en_US","og_type":"article","og_title":"Ganesha keyring - The Lumous Story","og_description":"Ganesha keyring with natural stones rosequarz, crystals, pearls and bells. Lock and ring where to secure your keys. Bells will help you find the keys in your bag. Lenght approximately 17 cm.","og_url":"https:\/\/thelumousstory.fi\/en\/product\/flower-of-life-key-ring\/","og_site_name":"The Lumous Story","article_modified_time":"2024-10-14T17:52:28+00:00","og_image":[{"width":750,"height":1062,"url":"https:\/\/thelumousstory.fi\/oackugna\/2018\/09\/2D2E58A2-60D5-4E17-8BEB-2B442E1B1C42.jpeg","type":"image\/jpeg"}],"twitter_card":"summary_large_image","schema":{"@context":"https:\/\/schema.org","@graph":[{"@type":"WebPage","@id":"https:\/\/thelumousstory.fi\/en\/product\/flower-of-life-key-ring\/","url":"https:\/\/thelumousstory.fi\/en\/product\/flower-of-life-key-ring\/","name":"Ganesha keyring - The Lumous Story","isPartOf":{"@id":"https:\/\/thelumousstory.fi\/en\/#website"},"primaryImageOfPage":{"@id":"https:\/\/thelumousstory.fi\/en\/product\/flower-of-life-key-ring\/#primaryimage"},"image":{"@id":"https:\/\/thelumousstory.fi\/en\/product\/flower-of-life-key-ring\/#primaryimage"},"thumbnailUrl":"https:\/\/thelumousstory.fi\/oackugna\/2018\/09\/2D2E58A2-60D5-4E17-8BEB-2B442E1B1C42.jpeg","datePublished":"2018-09-17T12:11:22+00:00","dateModified":"2024-10-14T17:52:28+00:00","breadcrumb":{"@id":"https:\/\/thelumousstory.fi\/en\/product\/flower-of-life-key-ring\/#breadcrumb"},"inLanguage":"en-US","potentialAction":[{"@type":"ReadAction","target":["https:\/\/thelumousstory.fi\/en\/product\/flower-of-life-key-ring\/"]}]},{"@type":"ImageObject","inLanguage":"en-US","@id":"https:\/\/thelumousstory.fi\/en\/product\/flower-of-life-key-ring\/#primaryimage","url":"https:\/\/thelumousstory.fi\/oackugna\/2018\/09\/2D2E58A2-60D5-4E17-8BEB-2B442E1B1C42.jpeg","contentUrl":"https:\/\/thelumousstory.fi\/oackugna\/2018\/09\/2D2E58A2-60D5-4E17-8BEB-2B442E1B1C42.jpeg","width":750,"height":1062},{"@type":"BreadcrumbList","@id":"https:\/\/thelumousstory.fi\/en\/product\/flower-of-life-key-ring\/#breadcrumb","itemListElement":[{"@type":"ListItem","position":1,"name":"Home","item":"https:\/\/thelumousstory.fi\/en\/"},{"@type":"ListItem","position":2,"name":"Shop","item":"https:\/\/thelumousstory.fi\/en\/shop\/"},{"@type":"ListItem","position":3,"name":"Ganesha keyring"}]},{"@type":"WebSite","@id":"https:\/\/thelumousstory.fi\/en\/#website","url":"https:\/\/thelumousstory.fi\/en\/","name":"The Lumous Story","description":"K\u00e4sintehtyj\u00e4 koruja luonnonkivist\u00e4","potentialAction":[{"@type":"SearchAction","target":{"@type":"EntryPoint","urlTemplate":"https:\/\/thelumousstory.fi\/en\/?s={search_term_string}"},"query-input":{"@type":"PropertyValueSpecification","valueRequired":true,"valueName":"search_term_string"}}],"inLanguage":"en-US"}]}},"_links":{"self":[{"href":"https:\/\/thelumousstory.fi\/en\/wp-json\/wp\/v2\/product\/701","targetHints":{"allow":["GET"]}}],"collection":[{"href":"https:\/\/thelumousstory.fi\/en\/wp-json\/wp\/v2\/product"}],"about":[{"href":"https:\/\/thelumousstory.fi\/en\/wp-json\/wp\/v2\/types\/product"}],"replies":[{"embeddable":true,"href":"https:\/\/thelumousstory.fi\/en\/wp-json\/wp\/v2\/comments?post=701"}],"wp:featuredmedia":[{"embeddable":true,"href":"https:\/\/thelumousstory.fi\/en\/wp-json\/wp\/v2\/media\/2845"}],"wp:attachment":[{"href":"https:\/\/thelumousstory.fi\/en\/wp-json\/wp\/v2\/media?parent=701"}],"wp:term":[{"taxonomy":"product_brand","embeddable":true,"href":"https:\/\/thelumousstory.fi\/en\/wp-json\/wp\/v2\/product_brand?post=701"},{"taxonomy":"product_cat","embeddable":true,"href":"https:\/\/thelumousstory.fi\/en\/wp-json\/wp\/v2\/product_cat?post=701"},{"taxonomy":"product_tag","embeddable":true,"href":"https:\/\/thelumousstory.fi\/en\/wp-json\/wp\/v2\/product_tag?post=701"}],"curies":[{"name":"wp","href":"https:\/\/api.w.org\/{rel}","templated":true}]}}