{"id":716,"date":"2018-08-30T12:53:33","date_gmt":"2018-08-30T12:53:33","guid":{"rendered":"http:\/\/thelumousstory.fi\/tuote\/rosequarz-twin-flame\/"},"modified":"2021-02-15T10:47:26","modified_gmt":"2021-02-15T10:47:26","slug":"rosequarz-twin-flame","status":"publish","type":"product","link":"https:\/\/thelumousstory.fi\/en\/product\/rosequarz-twin-flame\/","title":{"rendered":"Rosequarz &#038; Twin Flame"},"content":{"rendered":"<p><span lang=\"EN-US\">Rosequarz beads with brass Twin Flame amulet. 90 stone beads, length 52cm.<\/span><\/p>\n","protected":false},"excerpt":{"rendered":"<p>Rosequarz beads with brass Twin Flame amulet. 90 stone beads, length 52cm.<\/p>\n","protected":false},"featured_media":269,"comment_status":"open","ping_status":"closed","template":"","meta":{"_acf_changed":false},"product_brand":[],"product_cat":[44,42,43],"product_tag":[],"class_list":{"0":"post-716","1":"product","2":"type-product","3":"status-publish","4":"has-post-thumbnail","6":"product_cat-bead-necklaces","7":"product_cat-jewellery","8":"product_cat-necklaces","10":"first","11":"instock","12":"taxable","13":"shipping-taxable","14":"purchasable","15":"product-type-simple"},"acf":[],"yoast_head":"\n<title>Rosequarz &amp; Twin Flame - The Lumous Story<\/title>\n<meta name=\"robots\" content=\"index, follow, max-snippet:-1, max-image-preview:large, max-video-preview:-1\" \/>\n<link rel=\"canonical\" href=\"https:\/\/thelumousstory.fi\/en\/product\/rosequarz-twin-flame\/\" \/>\n<meta property=\"og:locale\" content=\"en_US\" \/>\n<meta property=\"og:type\" content=\"article\" \/>\n<meta property=\"og:title\" content=\"Rosequarz &amp; Twin Flame - The Lumous Story\" \/>\n<meta property=\"og:description\" content=\"Rosequarz beads with brass Twin Flame amulet. 90 stone beads, length 52cm.\" \/>\n<meta property=\"og:url\" content=\"https:\/\/thelumousstory.fi\/en\/product\/rosequarz-twin-flame\/\" \/>\n<meta property=\"og:site_name\" content=\"The Lumous Story\" \/>\n<meta property=\"article:modified_time\" content=\"2021-02-15T10:47:26+00:00\" \/>\n<meta property=\"og:image\" content=\"https:\/\/thelumousstory.fi\/oackugna\/2018\/08\/Lumous-korut18.jpg\" \/>\n\t<meta property=\"og:image:width\" content=\"600\" \/>\n\t<meta property=\"og:image:height\" content=\"643\" \/>\n\t<meta property=\"og:image:type\" content=\"image\/jpeg\" \/>\n<meta name=\"twitter:card\" content=\"summary_large_image\" \/>\n<script type=\"application\/ld+json\" class=\"yoast-schema-graph\">{\"@context\":\"https:\\\/\\\/schema.org\",\"@graph\":[{\"@type\":\"WebPage\",\"@id\":\"https:\\\/\\\/thelumousstory.fi\\\/en\\\/product\\\/rosequarz-twin-flame\\\/\",\"url\":\"https:\\\/\\\/thelumousstory.fi\\\/en\\\/product\\\/rosequarz-twin-flame\\\/\",\"name\":\"Rosequarz & Twin Flame - The Lumous Story\",\"isPartOf\":{\"@id\":\"https:\\\/\\\/thelumousstory.fi\\\/en\\\/#website\"},\"primaryImageOfPage\":{\"@id\":\"https:\\\/\\\/thelumousstory.fi\\\/en\\\/product\\\/rosequarz-twin-flame\\\/#primaryimage\"},\"image\":{\"@id\":\"https:\\\/\\\/thelumousstory.fi\\\/en\\\/product\\\/rosequarz-twin-flame\\\/#primaryimage\"},\"thumbnailUrl\":\"https:\\\/\\\/thelumousstory.fi\\\/wp-content\\\/uploads\\\/2018\\\/08\\\/Lumous-korut18.jpg\",\"datePublished\":\"2018-08-30T12:53:33+00:00\",\"dateModified\":\"2021-02-15T10:47:26+00:00\",\"breadcrumb\":{\"@id\":\"https:\\\/\\\/thelumousstory.fi\\\/en\\\/product\\\/rosequarz-twin-flame\\\/#breadcrumb\"},\"inLanguage\":\"en-US\",\"potentialAction\":[{\"@type\":\"ReadAction\",\"target\":[\"https:\\\/\\\/thelumousstory.fi\\\/en\\\/product\\\/rosequarz-twin-flame\\\/\"]}]},{\"@type\":\"ImageObject\",\"inLanguage\":\"en-US\",\"@id\":\"https:\\\/\\\/thelumousstory.fi\\\/en\\\/product\\\/rosequarz-twin-flame\\\/#primaryimage\",\"url\":\"https:\\\/\\\/thelumousstory.fi\\\/wp-content\\\/uploads\\\/2018\\\/08\\\/Lumous-korut18.jpg\",\"contentUrl\":\"https:\\\/\\\/thelumousstory.fi\\\/wp-content\\\/uploads\\\/2018\\\/08\\\/Lumous-korut18.jpg\",\"width\":600,\"height\":643},{\"@type\":\"BreadcrumbList\",\"@id\":\"https:\\\/\\\/thelumousstory.fi\\\/en\\\/product\\\/rosequarz-twin-flame\\\/#breadcrumb\",\"itemListElement\":[{\"@type\":\"ListItem\",\"position\":1,\"name\":\"Home\",\"item\":\"https:\\\/\\\/thelumousstory.fi\\\/en\\\/\"},{\"@type\":\"ListItem\",\"position\":2,\"name\":\"Shop\",\"item\":\"https:\\\/\\\/thelumousstory.fi\\\/en\\\/shop\\\/\"},{\"@type\":\"ListItem\",\"position\":3,\"name\":\"Rosequarz &#038; Twin Flame\"}]},{\"@type\":\"WebSite\",\"@id\":\"https:\\\/\\\/thelumousstory.fi\\\/en\\\/#website\",\"url\":\"https:\\\/\\\/thelumousstory.fi\\\/en\\\/\",\"name\":\"The Lumous Story\",\"description\":\"K\u00e4sintehtyj\u00e4 koruja luonnonkivist\u00e4\",\"potentialAction\":[{\"@type\":\"SearchAction\",\"target\":{\"@type\":\"EntryPoint\",\"urlTemplate\":\"https:\\\/\\\/thelumousstory.fi\\\/en\\\/?s={search_term_string}\"},\"query-input\":{\"@type\":\"PropertyValueSpecification\",\"valueRequired\":true,\"valueName\":\"search_term_string\"}}],\"inLanguage\":\"en-US\"}]}<\/script>\n","yoast_head_json":{"title":"Rosequarz & Twin Flame - The Lumous Story","robots":{"index":"index","follow":"follow","max-snippet":"max-snippet:-1","max-image-preview":"max-image-preview:large","max-video-preview":"max-video-preview:-1"},"canonical":"https:\/\/thelumousstory.fi\/en\/product\/rosequarz-twin-flame\/","og_locale":"en_US","og_type":"article","og_title":"Rosequarz & Twin Flame - The Lumous Story","og_description":"Rosequarz beads with brass Twin Flame amulet. 90 stone beads, length 52cm.","og_url":"https:\/\/thelumousstory.fi\/en\/product\/rosequarz-twin-flame\/","og_site_name":"The Lumous Story","article_modified_time":"2021-02-15T10:47:26+00:00","og_image":[{"width":600,"height":643,"url":"https:\/\/thelumousstory.fi\/oackugna\/2018\/08\/Lumous-korut18.jpg","type":"image\/jpeg"}],"twitter_card":"summary_large_image","schema":{"@context":"https:\/\/schema.org","@graph":[{"@type":"WebPage","@id":"https:\/\/thelumousstory.fi\/en\/product\/rosequarz-twin-flame\/","url":"https:\/\/thelumousstory.fi\/en\/product\/rosequarz-twin-flame\/","name":"Rosequarz & Twin Flame - The Lumous Story","isPartOf":{"@id":"https:\/\/thelumousstory.fi\/en\/#website"},"primaryImageOfPage":{"@id":"https:\/\/thelumousstory.fi\/en\/product\/rosequarz-twin-flame\/#primaryimage"},"image":{"@id":"https:\/\/thelumousstory.fi\/en\/product\/rosequarz-twin-flame\/#primaryimage"},"thumbnailUrl":"https:\/\/thelumousstory.fi\/oackugna\/2018\/08\/Lumous-korut18.jpg","datePublished":"2018-08-30T12:53:33+00:00","dateModified":"2021-02-15T10:47:26+00:00","breadcrumb":{"@id":"https:\/\/thelumousstory.fi\/en\/product\/rosequarz-twin-flame\/#breadcrumb"},"inLanguage":"en-US","potentialAction":[{"@type":"ReadAction","target":["https:\/\/thelumousstory.fi\/en\/product\/rosequarz-twin-flame\/"]}]},{"@type":"ImageObject","inLanguage":"en-US","@id":"https:\/\/thelumousstory.fi\/en\/product\/rosequarz-twin-flame\/#primaryimage","url":"https:\/\/thelumousstory.fi\/oackugna\/2018\/08\/Lumous-korut18.jpg","contentUrl":"https:\/\/thelumousstory.fi\/oackugna\/2018\/08\/Lumous-korut18.jpg","width":600,"height":643},{"@type":"BreadcrumbList","@id":"https:\/\/thelumousstory.fi\/en\/product\/rosequarz-twin-flame\/#breadcrumb","itemListElement":[{"@type":"ListItem","position":1,"name":"Home","item":"https:\/\/thelumousstory.fi\/en\/"},{"@type":"ListItem","position":2,"name":"Shop","item":"https:\/\/thelumousstory.fi\/en\/shop\/"},{"@type":"ListItem","position":3,"name":"Rosequarz &#038; Twin Flame"}]},{"@type":"WebSite","@id":"https:\/\/thelumousstory.fi\/en\/#website","url":"https:\/\/thelumousstory.fi\/en\/","name":"The Lumous Story","description":"K\u00e4sintehtyj\u00e4 koruja luonnonkivist\u00e4","potentialAction":[{"@type":"SearchAction","target":{"@type":"EntryPoint","urlTemplate":"https:\/\/thelumousstory.fi\/en\/?s={search_term_string}"},"query-input":{"@type":"PropertyValueSpecification","valueRequired":true,"valueName":"search_term_string"}}],"inLanguage":"en-US"}]}},"_links":{"self":[{"href":"https:\/\/thelumousstory.fi\/en\/wp-json\/wp\/v2\/product\/716","targetHints":{"allow":["GET"]}}],"collection":[{"href":"https:\/\/thelumousstory.fi\/en\/wp-json\/wp\/v2\/product"}],"about":[{"href":"https:\/\/thelumousstory.fi\/en\/wp-json\/wp\/v2\/types\/product"}],"replies":[{"embeddable":true,"href":"https:\/\/thelumousstory.fi\/en\/wp-json\/wp\/v2\/comments?post=716"}],"wp:featuredmedia":[{"embeddable":true,"href":"https:\/\/thelumousstory.fi\/en\/wp-json\/wp\/v2\/media\/269"}],"wp:attachment":[{"href":"https:\/\/thelumousstory.fi\/en\/wp-json\/wp\/v2\/media?parent=716"}],"wp:term":[{"taxonomy":"product_brand","embeddable":true,"href":"https:\/\/thelumousstory.fi\/en\/wp-json\/wp\/v2\/product_brand?post=716"},{"taxonomy":"product_cat","embeddable":true,"href":"https:\/\/thelumousstory.fi\/en\/wp-json\/wp\/v2\/product_cat?post=716"},{"taxonomy":"product_tag","embeddable":true,"href":"https:\/\/thelumousstory.fi\/en\/wp-json\/wp\/v2\/product_tag?post=716"}],"curies":[{"name":"wp","href":"https:\/\/api.w.org\/{rel}","templated":true}]}}